{"id":149,"date":"2023-04-24T23:27:12","date_gmt":"2023-04-24T23:27:12","guid":{"rendered":"https:\/\/segurosperu.pe\/?page_id=149"},"modified":"2023-04-24T23:29:03","modified_gmt":"2023-04-24T23:29:03","slug":"seguros-peru-tv","status":"publish","type":"page","link":"https:\/\/segurosperu.pe\/?page_id=149","title":{"rendered":"Seguros Per\u00fa TV"},"content":{"rendered":"<p>[et_pb_section fb_built=\u00bb1&#8243; admin_label=\u00bbBlog\u00bb _builder_version=\u00bb4.16&#8243; custom_padding=\u00bb50px|0px|100px|0px|false|false\u00bb global_colors_info=\u00bb{}\u00bb theme_builder_area=\u00bbpost_content\u00bb][et_pb_row _builder_version=\u00bb4.16&#8243; custom_margin=\u00bb|||\u00bb global_colors_info=\u00bb{}\u00bb theme_builder_area=\u00bbpost_content\u00bb][et_pb_column type=\u00bb4_4&#8243; _builder_version=\u00bb4.16&#8243; custom_padding=\u00bb1px|||\u00bb global_colors_info=\u00bb{}\u00bb custom_padding__hover=\u00bb|||\u00bb theme_builder_area=\u00bbpost_content\u00bb][et_pb_text _builder_version=\u00bb4.20.1&#8243; text_font=\u00bbLato||||||||\u00bb text_text_color=\u00bb#000000&#8243; text_font_size=\u00bb20px\u00bb text_line_height=\u00bb1.8em\u00bb header_font=\u00bbLato|900|||||||\u00bb header_text_color=\u00bb#E02B20&#8243; header_font_size=\u00bb80px\u00bb header_letter_spacing=\u00bb2px\u00bb header_line_height=\u00bb1.2em\u00bb background_layout=\u00bbdark\u00bb animation_style=\u00bbslide\u00bb hover_enabled=\u00bb0&#8243; header_font_size_tablet=\u00bb46px\u00bb header_font_size_phone=\u00bb\u00bb header_font_size_last_edited=\u00bbon|tablet\u00bb text_text_shadow_style=\u00bbpreset2&#8243; global_colors_info=\u00bb{}\u00bb theme_builder_area=\u00bbpost_content\u00bb sticky_enabled=\u00bb0&#8243;]<\/p>\n<h1><span style=\"color: #003366;\">Seguros Per\u00fa TV<\/span><\/h1>\n<p>Descubre las \u00faltimas publicaciones de Seguros Per\u00fa.<\/p>\n<p>[\/et_pb_text][\/et_pb_column][\/et_pb_row][et_pb_row _builder_version=\u00bb4.16&#8243; global_colors_info=\u00bb{}\u00bb theme_builder_area=\u00bbpost_content\u00bb][et_pb_column type=\u00bb4_4&#8243; _builder_version=\u00bb4.16&#8243; custom_padding=\u00bb|||\u00bb global_colors_info=\u00bb{}\u00bb custom_padding__hover=\u00bb|||\u00bb theme_builder_area=\u00bbpost_content\u00bb][et_pb_blog fullwidth=\u00bboff\u00bb posts_number=\u00bb6&#8243; include_categories=\u00bb74&#8243; _builder_version=\u00bb4.16&#8243; header_font=\u00bbLato|700|||||||\u00bb body_font=\u00bbLato||||||||\u00bb body_text_color=\u00bb#898f99&#8243; body_font_size=\u00bb16px\u00bb body_line_height=\u00bb1.6em\u00bb meta_font=\u00bbLato||||||||\u00bb meta_text_color=\u00bbrgba(137,143,153,0.61)\u00bb meta_line_height=\u00bb1.8em\u00bb pagination_font=\u00bbLato|700||on|||||\u00bb pagination_text_color=\u00bb#fa7f28&#8243; pagination_letter_spacing=\u00bb2px\u00bb border_radii=\u00bbon|15px|15px|15px|15px\u00bb border_width_all=\u00bb0px\u00bb box_shadow_style=\u00bbpreset1&#8243; box_shadow_vertical=\u00bb6px\u00bb box_shadow_blur=\u00bb54px\u00bb box_shadow_spread=\u00bb17px\u00bb box_shadow_color=\u00bbrgba(0,0,0,0.04)\u00bb global_colors_info=\u00bb{}\u00bb theme_builder_area=\u00bbpost_content\u00bb][\/et_pb_blog][\/et_pb_column][\/et_pb_row][\/et_pb_section]<\/p>\n","protected":false},"excerpt":{"rendered":"<p>Seguros Per\u00fa TV Descubre las \u00faltimas publicaciones de Seguros Per\u00fa.<\/p>\n","protected":false},"author":1,"featured_media":0,"parent":0,"menu_order":0,"comment_status":"closed","ping_status":"closed","template":"","meta":{"_et_pb_use_builder":"on","_et_pb_old_content":"","_et_gb_content_width":"","_themeisle_gutenberg_block_has_review":false,"footnotes":""},"class_list":["post-149","page","type-page","status-publish","hentry"],"yoast_head":"<!-- This site is optimized with the Yoast SEO plugin v25.9 - https:\/\/yoast.com\/wordpress\/plugins\/seo\/ -->\n<title>Seguros Per\u00fa TV - Seguros Per\u00fa<\/title>\n<meta name=\"robots\" content=\"index, follow, max-snippet:-1, max-image-preview:large, max-video-preview:-1\" \/>\n<link rel=\"canonical\" href=\"https:\/\/segurosperu.pe\/?page_id=149\" \/>\n<meta property=\"og:locale\" content=\"es_ES\" \/>\n<meta property=\"og:type\" content=\"article\" \/>\n<meta property=\"og:title\" content=\"Seguros Per\u00fa TV - Seguros Per\u00fa\" \/>\n<meta property=\"og:description\" content=\"Seguros Per\u00fa TV Descubre las \u00faltimas publicaciones de Seguros Per\u00fa.\" \/>\n<meta property=\"og:url\" content=\"https:\/\/segurosperu.pe\/?page_id=149\" \/>\n<meta property=\"og:site_name\" content=\"Seguros Per\u00fa\" \/>\n<meta property=\"article:modified_time\" content=\"2023-04-24T23:29:03+00:00\" \/>\n<meta property=\"og:image\" content=\"https:\/\/segurosperu.pe\/wp-content\/uploads\/2023\/04\/cropped-logo-seguros-icon.png\" \/>\n\t<meta property=\"og:image:width\" content=\"512\" \/>\n\t<meta property=\"og:image:height\" content=\"512\" \/>\n\t<meta property=\"og:image:type\" content=\"image\/png\" \/>\n<meta name=\"twitter:card\" content=\"summary_large_image\" \/>\n<meta name=\"twitter:label1\" content=\"Tiempo de lectura\" \/>\n\t<meta name=\"twitter:data1\" content=\"1 minuto\" \/>\n<script type=\"application\/ld+json\" class=\"yoast-schema-graph\">{\"@context\":\"https:\/\/schema.org\",\"@graph\":[{\"@type\":\"WebPage\",\"@id\":\"https:\/\/segurosperu.pe\/?page_id=149\",\"url\":\"https:\/\/segurosperu.pe\/?page_id=149\",\"name\":\"Seguros Per\u00fa TV - Seguros Per\u00fa\",\"isPartOf\":{\"@id\":\"https:\/\/segurosperu.pe\/#website\"},\"datePublished\":\"2023-04-24T23:27:12+00:00\",\"dateModified\":\"2023-04-24T23:29:03+00:00\",\"breadcrumb\":{\"@id\":\"https:\/\/segurosperu.pe\/?page_id=149#breadcrumb\"},\"inLanguage\":\"es\",\"potentialAction\":[{\"@type\":\"ReadAction\",\"target\":[\"https:\/\/segurosperu.pe\/?page_id=149\"]}]},{\"@type\":\"BreadcrumbList\",\"@id\":\"https:\/\/segurosperu.pe\/?page_id=149#breadcrumb\",\"itemListElement\":[{\"@type\":\"ListItem\",\"position\":1,\"name\":\"Portada\",\"item\":\"https:\/\/segurosperu.pe\/\"},{\"@type\":\"ListItem\",\"position\":2,\"name\":\"Seguros Per\u00fa TV\"}]},{\"@type\":\"WebSite\",\"@id\":\"https:\/\/segurosperu.pe\/#website\",\"url\":\"https:\/\/segurosperu.pe\/\",\"name\":\"Seguros Per\u00fa\",\"description\":\"\",\"publisher\":{\"@id\":\"https:\/\/segurosperu.pe\/#organization\"},\"potentialAction\":[{\"@type\":\"SearchAction\",\"target\":{\"@type\":\"EntryPoint\",\"urlTemplate\":\"https:\/\/segurosperu.pe\/?s={search_term_string}\"},\"query-input\":{\"@type\":\"PropertyValueSpecification\",\"valueRequired\":true,\"valueName\":\"search_term_string\"}}],\"inLanguage\":\"es\"},{\"@type\":\"Organization\",\"@id\":\"https:\/\/segurosperu.pe\/#organization\",\"name\":\"Seguros Per\u00fa\",\"url\":\"https:\/\/segurosperu.pe\/\",\"logo\":{\"@type\":\"ImageObject\",\"inLanguage\":\"es\",\"@id\":\"https:\/\/segurosperu.pe\/#\/schema\/logo\/image\/\",\"url\":\"https:\/\/segurosperu.pe\/wp-content\/uploads\/2023\/04\/cropped-logo-seguros-icon.png\",\"contentUrl\":\"https:\/\/segurosperu.pe\/wp-content\/uploads\/2023\/04\/cropped-logo-seguros-icon.png\",\"width\":512,\"height\":512,\"caption\":\"Seguros Per\u00fa\"},\"image\":{\"@id\":\"https:\/\/segurosperu.pe\/#\/schema\/logo\/image\/\"}}]}<\/script>\n<!-- \/ Yoast SEO plugin. -->","yoast_head_json":{"title":"Seguros Per\u00fa TV - Seguros Per\u00fa","robots":{"index":"index","follow":"follow","max-snippet":"max-snippet:-1","max-image-preview":"max-image-preview:large","max-video-preview":"max-video-preview:-1"},"canonical":"https:\/\/segurosperu.pe\/?page_id=149","og_locale":"es_ES","og_type":"article","og_title":"Seguros Per\u00fa TV - Seguros Per\u00fa","og_description":"Seguros Per\u00fa TV Descubre las \u00faltimas publicaciones de Seguros Per\u00fa.","og_url":"https:\/\/segurosperu.pe\/?page_id=149","og_site_name":"Seguros Per\u00fa","article_modified_time":"2023-04-24T23:29:03+00:00","og_image":[{"width":512,"height":512,"url":"https:\/\/segurosperu.pe\/wp-content\/uploads\/2023\/04\/cropped-logo-seguros-icon.png","type":"image\/png"}],"twitter_card":"summary_large_image","twitter_misc":{"Tiempo de lectura":"1 minuto"},"schema":{"@context":"https:\/\/schema.org","@graph":[{"@type":"WebPage","@id":"https:\/\/segurosperu.pe\/?page_id=149","url":"https:\/\/segurosperu.pe\/?page_id=149","name":"Seguros Per\u00fa TV - Seguros Per\u00fa","isPartOf":{"@id":"https:\/\/segurosperu.pe\/#website"},"datePublished":"2023-04-24T23:27:12+00:00","dateModified":"2023-04-24T23:29:03+00:00","breadcrumb":{"@id":"https:\/\/segurosperu.pe\/?page_id=149#breadcrumb"},"inLanguage":"es","potentialAction":[{"@type":"ReadAction","target":["https:\/\/segurosperu.pe\/?page_id=149"]}]},{"@type":"BreadcrumbList","@id":"https:\/\/segurosperu.pe\/?page_id=149#breadcrumb","itemListElement":[{"@type":"ListItem","position":1,"name":"Portada","item":"https:\/\/segurosperu.pe\/"},{"@type":"ListItem","position":2,"name":"Seguros Per\u00fa TV"}]},{"@type":"WebSite","@id":"https:\/\/segurosperu.pe\/#website","url":"https:\/\/segurosperu.pe\/","name":"Seguros Per\u00fa","description":"","publisher":{"@id":"https:\/\/segurosperu.pe\/#organization"},"potentialAction":[{"@type":"SearchAction","target":{"@type":"EntryPoint","urlTemplate":"https:\/\/segurosperu.pe\/?s={search_term_string}"},"query-input":{"@type":"PropertyValueSpecification","valueRequired":true,"valueName":"search_term_string"}}],"inLanguage":"es"},{"@type":"Organization","@id":"https:\/\/segurosperu.pe\/#organization","name":"Seguros Per\u00fa","url":"https:\/\/segurosperu.pe\/","logo":{"@type":"ImageObject","inLanguage":"es","@id":"https:\/\/segurosperu.pe\/#\/schema\/logo\/image\/","url":"https:\/\/segurosperu.pe\/wp-content\/uploads\/2023\/04\/cropped-logo-seguros-icon.png","contentUrl":"https:\/\/segurosperu.pe\/wp-content\/uploads\/2023\/04\/cropped-logo-seguros-icon.png","width":512,"height":512,"caption":"Seguros Per\u00fa"},"image":{"@id":"https:\/\/segurosperu.pe\/#\/schema\/logo\/image\/"}}]}},"_links":{"self":[{"href":"https:\/\/segurosperu.pe\/index.php?rest_route=\/wp\/v2\/pages\/149","targetHints":{"allow":["GET"]}}],"collection":[{"href":"https:\/\/segurosperu.pe\/index.php?rest_route=\/wp\/v2\/pages"}],"about":[{"href":"https:\/\/segurosperu.pe\/index.php?rest_route=\/wp\/v2\/types\/page"}],"author":[{"embeddable":true,"href":"https:\/\/segurosperu.pe\/index.php?rest_route=\/wp\/v2\/users\/1"}],"replies":[{"embeddable":true,"href":"https:\/\/segurosperu.pe\/index.php?rest_route=%2Fwp%2Fv2%2Fcomments&post=149"}],"version-history":[{"count":2,"href":"https:\/\/segurosperu.pe\/index.php?rest_route=\/wp\/v2\/pages\/149\/revisions"}],"predecessor-version":[{"id":151,"href":"https:\/\/segurosperu.pe\/index.php?rest_route=\/wp\/v2\/pages\/149\/revisions\/151"}],"wp:attachment":[{"href":"https:\/\/segurosperu.pe\/index.php?rest_route=%2Fwp%2Fv2%2Fmedia&parent=149"}],"curies":[{"name":"wp","href":"https:\/\/api.w.org\/{rel}","templated":true}]}}